{"id":1321,"date":"2017-09-15T15:49:49","date_gmt":"2017-09-15T14:49:49","guid":{"rendered":"http:\/\/innovation-africa.com\/2017\/?page_id=1321"},"modified":"2017-09-15T17:21:05","modified_gmt":"2017-09-15T16:21:05","slug":"dismel-branded-partner","status":"publish","type":"page","link":"https:\/\/innovation-africa.com\/2017\/dismel-branded-partner\/","title":{"rendered":"Dismel \u2013 Branded Partner"},"content":{"rendered":"<div id=\"cs-content\" class=\"cs-content\"><div id=\"x-section-1\"  class=\"x-section\"  style=\"margin: 0px;padding: 45px 0px; background-color: transparent;\"   ><div  class=\"x-container max width\"  style=\"margin: 0px auto;padding: 0px;\"   ><div  class=\"x-column x-sm x-1-3\" style=\"padding: 0px;opacity: 0; transform: translate(-45px, 0); transition-duration: 750ms;\" data-x-element=\"column\" data-x-params=\"{&quot;fade&quot;:true}\" data-fade=\"true\"><hr  class=\"x-gap\" style=\"margin: 5px 0 0 0;\"><img decoding=\"async\"  class=\"x-img x-img-thumbnail\"  src=\"http:\/\/innovation-africa.com\/2017\/wp-content\/uploads\/2017\/09\/Dismel-600x400.gif\" ><a  class=\"x-btn x-btn-regular x-btn-block\"  href=\"http:\/\/innovation-africa.com\/2017\/partners-sponsors\/\"     data-options=\"thumbnail: ''\"><i  class=\"x-icon mvn mln mrs x-icon-hand-o-right\" data-x-icon=\"&#xf0a4;\" aria-hidden=\"true\"><\/i>Back to Summit Partners<\/a><\/div><div  class=\"x-column x-sm x-2-3\" style=\"padding: 0px;opacity: 0; transform: translate(45px, 0); transition-duration: 750ms;\" data-x-element=\"column\" data-x-params=\"{&quot;fade&quot;:true}\" data-fade=\"true\"><div  class=\"x-text cs-ta-justify\"    ><p>Dismel Lda is a company that works in the Portuguese educational market for 25 years now.<\/p>\n<p>We are the official representatives of the following brands of educational products, for the countries of CPLP and to some other African countries:<\/p>\n<ul>\n<li>Texas Instruments (USA) \u2013 Graphical, scientific and financial calculators, as well as data loggers and sensors.<\/li>\n<li>Vernier (USA) \u2013 Data loggers, sensors and other systems for Physics, Chemistry, Biology, Earth Science and others educational areas, applied to several levels of education.<\/li>\n<li>Altay Scientific (ITALY) \u2013 Mobile bench for science and other equipment for the exploration of concepts in Physics, Chemistry, Electricity, Electronics, Thermodynamics and others educational areas. We also have a great variety of anatomical models.<\/li>\n<li>EDU-LAB (UK) \u2013 A wide range of laboratory equipment that covers curriculum from primary school to the university.<\/li>\n<li>Hanna Instruments (PT) \u2013 Professional laboratory equipment that can be used in multiple contexts, ranging from universities labs to the industry.<\/li>\n<\/ul>\n<p>All the equipment from Texas Instruments and Vernier is supplied with the respective operating systems in several languages, but with the Portuguese (from Portugal) language available. All the user\u00b4s manuals are also available in Portuguese (of Portugal).<\/p>\n<p>Exclusively for Africa (Angola, Mozambique, S\u00e3o Tom\u00e9 and Pr\u00edncipe, Cape Verde and Guinea\u00a0Bissau) we have available a Facebook page \u2013 <a href=\"https:\/\/www.facebook.com\/dismellda\" target=\"_blank\" rel=\"noopener\"><em>www.facebook.com\/dismellda<\/em><\/a> &#8211; with several applications, activities, training and more, for supporting the educational community.<\/p>\n<p><a href=\"http:\/\/www.dismel.pt\" target=\"_blank\" rel=\"noopener\">www.dismel.pt<\/a><\/p>\n<\/div><\/div><\/div><\/div><\/div>\n<!-- AddThis Advanced Settings generic via filter on the_content --><!-- AddThis Share Buttons generic via filter on the_content -->","protected":false},"excerpt":{"rendered":"<p><!-- AddThis Advanced Settings generic via filter on wp_trim_excerpt --><!-- AddThis Share Buttons generic via filter on wp_trim_excerpt --><\/p>\n","protected":false},"author":1,"featured_media":0,"parent":0,"menu_order":0,"comment_status":"closed","ping_status":"closed","template":"","meta":{"footnotes":""},"class_list":["post-1321","page","type-page","status-publish","hentry","no-post-thumbnail"],"yoast_head":"<!-- This site is optimized with the Yoast SEO plugin v23.2 - https:\/\/yoast.com\/wordpress\/plugins\/seo\/ -->\n<title>Dismel \u2013 Branded Partner - Innovation Africa 2017<\/title>\n<meta name=\"robots\" content=\"index, follow, max-snippet:-1, max-image-preview:large, max-video-preview:-1\" \/>\n<link rel=\"canonical\" href=\"https:\/\/innovation-africa.com\/2017\/dismel-branded-partner\/\" \/>\n<meta property=\"og:locale\" content=\"en_US\" \/>\n<meta property=\"og:type\" content=\"article\" \/>\n<meta property=\"og:title\" content=\"Dismel \u2013 Branded Partner - Innovation Africa 2017\" \/>\n<meta property=\"og:url\" content=\"https:\/\/innovation-africa.com\/2017\/dismel-branded-partner\/\" \/>\n<meta property=\"og:site_name\" content=\"Innovation Africa 2017\" \/>\n<meta property=\"article:modified_time\" content=\"2017-09-15T16:21:05+00:00\" \/>\n<meta name=\"twitter:card\" content=\"summary_large_image\" \/>\n<meta name=\"twitter:label1\" content=\"Est. reading time\" \/>\n\t<meta name=\"twitter:data1\" content=\"2 minutes\" \/>\n<script type=\"application\/ld+json\" class=\"yoast-schema-graph\">{\"@context\":\"https:\/\/schema.org\",\"@graph\":[{\"@type\":\"WebPage\",\"@id\":\"https:\/\/innovation-africa.com\/2017\/dismel-branded-partner\/\",\"url\":\"https:\/\/innovation-africa.com\/2017\/dismel-branded-partner\/\",\"name\":\"Dismel \u2013 Branded Partner - Innovation Africa 2017\",\"isPartOf\":{\"@id\":\"https:\/\/innovation-africa.com\/2017\/#website\"},\"datePublished\":\"2017-09-15T14:49:49+00:00\",\"dateModified\":\"2017-09-15T16:21:05+00:00\",\"breadcrumb\":{\"@id\":\"https:\/\/innovation-africa.com\/2017\/dismel-branded-partner\/#breadcrumb\"},\"inLanguage\":\"en-US\",\"potentialAction\":[{\"@type\":\"ReadAction\",\"target\":[\"https:\/\/innovation-africa.com\/2017\/dismel-branded-partner\/\"]}]},{\"@type\":\"BreadcrumbList\",\"@id\":\"https:\/\/innovation-africa.com\/2017\/dismel-branded-partner\/#breadcrumb\",\"itemListElement\":[{\"@type\":\"ListItem\",\"position\":1,\"name\":\"Home\",\"item\":\"https:\/\/innovation-africa.com\/2017\/\"},{\"@type\":\"ListItem\",\"position\":2,\"name\":\"Dismel \u2013 Branded Partner\"}]},{\"@type\":\"WebSite\",\"@id\":\"https:\/\/innovation-africa.com\/2017\/#website\",\"url\":\"https:\/\/innovation-africa.com\/2017\/\",\"name\":\"Innovation Africa 2017\",\"description\":\"Africa&#039;s Official Ministerial Summit - October 2017, Maputo, Mozambique\",\"potentialAction\":[{\"@type\":\"SearchAction\",\"target\":{\"@type\":\"EntryPoint\",\"urlTemplate\":\"https:\/\/innovation-africa.com\/2017\/?s={search_term_string}\"},\"query-input\":\"required name=search_term_string\"}],\"inLanguage\":\"en-US\"}]}<\/script>\n<!-- \/ Yoast SEO plugin. -->","yoast_head_json":{"title":"Dismel \u2013 Branded Partner - Innovation Africa 2017","robots":{"index":"index","follow":"follow","max-snippet":"max-snippet:-1","max-image-preview":"max-image-preview:large","max-video-preview":"max-video-preview:-1"},"canonical":"https:\/\/innovation-africa.com\/2017\/dismel-branded-partner\/","og_locale":"en_US","og_type":"article","og_title":"Dismel \u2013 Branded Partner - Innovation Africa 2017","og_url":"https:\/\/innovation-africa.com\/2017\/dismel-branded-partner\/","og_site_name":"Innovation Africa 2017","article_modified_time":"2017-09-15T16:21:05+00:00","twitter_card":"summary_large_image","twitter_misc":{"Est. reading time":"2 minutes"},"schema":{"@context":"https:\/\/schema.org","@graph":[{"@type":"WebPage","@id":"https:\/\/innovation-africa.com\/2017\/dismel-branded-partner\/","url":"https:\/\/innovation-africa.com\/2017\/dismel-branded-partner\/","name":"Dismel \u2013 Branded Partner - Innovation Africa 2017","isPartOf":{"@id":"https:\/\/innovation-africa.com\/2017\/#website"},"datePublished":"2017-09-15T14:49:49+00:00","dateModified":"2017-09-15T16:21:05+00:00","breadcrumb":{"@id":"https:\/\/innovation-africa.com\/2017\/dismel-branded-partner\/#breadcrumb"},"inLanguage":"en-US","potentialAction":[{"@type":"ReadAction","target":["https:\/\/innovation-africa.com\/2017\/dismel-branded-partner\/"]}]},{"@type":"BreadcrumbList","@id":"https:\/\/innovation-africa.com\/2017\/dismel-branded-partner\/#breadcrumb","itemListElement":[{"@type":"ListItem","position":1,"name":"Home","item":"https:\/\/innovation-africa.com\/2017\/"},{"@type":"ListItem","position":2,"name":"Dismel \u2013 Branded Partner"}]},{"@type":"WebSite","@id":"https:\/\/innovation-africa.com\/2017\/#website","url":"https:\/\/innovation-africa.com\/2017\/","name":"Innovation Africa 2017","description":"Africa&#039;s Official Ministerial Summit - October 2017, Maputo, Mozambique","potentialAction":[{"@type":"SearchAction","target":{"@type":"EntryPoint","urlTemplate":"https:\/\/innovation-africa.com\/2017\/?s={search_term_string}"},"query-input":"required name=search_term_string"}],"inLanguage":"en-US"}]}},"_links":{"self":[{"href":"https:\/\/innovation-africa.com\/2017\/wp-json\/wp\/v2\/pages\/1321"}],"collection":[{"href":"https:\/\/innovation-africa.com\/2017\/wp-json\/wp\/v2\/pages"}],"about":[{"href":"https:\/\/innovation-africa.com\/2017\/wp-json\/wp\/v2\/types\/page"}],"author":[{"embeddable":true,"href":"https:\/\/innovation-africa.com\/2017\/wp-json\/wp\/v2\/users\/1"}],"replies":[{"embeddable":true,"href":"https:\/\/innovation-africa.com\/2017\/wp-json\/wp\/v2\/comments?post=1321"}],"version-history":[{"count":4,"href":"https:\/\/innovation-africa.com\/2017\/wp-json\/wp\/v2\/pages\/1321\/revisions"}],"predecessor-version":[{"id":1338,"href":"https:\/\/innovation-africa.com\/2017\/wp-json\/wp\/v2\/pages\/1321\/revisions\/1338"}],"wp:attachment":[{"href":"https:\/\/innovation-africa.com\/2017\/wp-json\/wp\/v2\/media?parent=1321"}],"curies":[{"name":"wp","href":"https:\/\/api.w.org\/{rel}","templated":true}]}}